{"id":9479,"date":"2023-05-30T08:03:48","date_gmt":"2023-05-30T06:03:48","guid":{"rendered":"https:\/\/aixbrain.pwdev.de\/parameteroptimierung\/"},"modified":"2025-04-15T08:48:31","modified_gmt":"2025-04-15T06:48:31","slug":"parameteroptimierung","status":"publish","type":"page","link":"https:\/\/aixbrain.pwdev.de\/en\/parameteroptimierung\/","title":{"rendered":"Parameteroptimierung"},"content":{"rendered":"\t\t<div data-elementor-type=\"wp-page\" data-elementor-id=\"9479\" class=\"elementor elementor-9479 elementor-1544\" data-elementor-post-type=\"page\">\n\t\t\t\t\t\t<section class=\"elementor-section elementor-top-section elementor-element elementor-element-d9dbce0 elementor-section-boxed elementor-section-height-default elementor-section-height-default\" data-id=\"d9dbce0\" data-element_type=\"section\" data-settings=\"{&quot;jet_parallax_layout_list&quot;:[]}\">\n\t\t\t\t\t\t<div class=\"elementor-container elementor-column-gap-default\">\n\t\t\t\t\t<div class=\"elementor-column elementor-col-50 elementor-top-column elementor-element elementor-element-f8022ae\" data-id=\"f8022ae\" data-element_type=\"column\">\n\t\t\t<div class=\"elementor-widget-wrap elementor-element-populated\">\n\t\t\t\t\t\t<div class=\"elementor-element elementor-element-786e6ab elementor-widget__width-auto elementor-widget elementor-widget-heading\" data-id=\"786e6ab\" data-element_type=\"widget\" data-widget_type=\"heading.default\">\n\t\t\t\t<div class=\"elementor-widget-container\">\n\t\t\t\t\t<h6 class=\"elementor-heading-title elementor-size-default\">KI in der industriellen Praxis<\/h6>\t\t\t\t<\/div>\n\t\t\t\t<\/div>\n\t\t\t\t<div class=\"elementor-element elementor-element-da127eb elementor-widget__width-initial elementor-widget-mobile__width-initial elementor-widget elementor-widget-heading\" data-id=\"da127eb\" data-element_type=\"widget\" data-widget_type=\"heading.default\">\n\t\t\t\t<div class=\"elementor-widget-container\">\n\t\t\t\t\t<h1 class=\"elementor-heading-title elementor-size-default\">Parameteroptimierung<\/h1>\t\t\t\t<\/div>\n\t\t\t\t<\/div>\n\t\t\t\t<div class=\"elementor-element elementor-element-0eaaa95 elementor-widget elementor-widget-text-editor\" data-id=\"0eaaa95\" data-element_type=\"widget\" data-widget_type=\"text-editor.default\">\n\t\t\t\t<div class=\"elementor-widget-container\">\n\t\t\t\t\t\t\t\t\t<p><b>Anwendungsfall: <\/b>KI-Assistenzsystem zur optimierten Prozessauslegung und Prozessf\u00fchrung<\/p>\n<p><b>Einsatzumgebung:<\/b> U<span style=\"color: var( --e-global-color-secondary );\">nterst\u00fctzung von Ingenieuren und Bedienern bei der Parameterwahl zur Prozessauslegung und Prozessf\u00fchrung auf Maschinen und Anlagen.<\/span><\/p>\n<p><strong>Herausforderung: <\/strong>Bei komplexen Prozessen k\u00f6nnen statische Parameterkarten keine optimale Einstellung vorgeben, da zu viele Abh\u00e4ngigkeiten bestehen. Das Feintuning erfordert menschliches Erfahrungswissen.<\/p>\n<p><b>KI-Aufgabe:<\/b>&nbsp;Ein KI-Assistenzsystem vergleicht den aktuellen Prozess mit vergangenen Prozessen und deren Parametrierung und schl\u00e4gt bew\u00e4hrte bzw. optimierte Referenzeinstellungen vor.<\/p>\n<p><strong>KI-Technologie: <\/strong>Klassifikation&nbsp;<\/p>\n<p><strong>Prim\u00e4re Daten:<\/strong> Sensordaten (hochfrequent), Prozessdaten, Prozessparameter<\/p>\n<p><strong>Mehrwert:<\/strong>&nbsp;H\u00f6here Produktivit\u00e4t \/ Geringerer Energieverbrauch<\/p>\t\t\t\t\t\t\t\t<\/div>\n\t\t\t\t<\/div>\n\t\t\t\t<div class=\"elementor-element elementor-element-849616a elementor-widget__width-auto elementor-mobile-align-justify elementor-widget-mobile__width-inherit elementor-widget elementor-widget-button\" data-id=\"849616a\" data-element_type=\"widget\" data-widget_type=\"button.default\">\n\t\t\t\t<div class=\"elementor-widget-container\">\n\t\t\t\t\t\t\t\t\t<div class=\"elementor-button-wrapper\">\n\t\t\t\t\t<a class=\"elementor-button elementor-button-link elementor-size-md\" href=\"https:\/\/aixbrain.pwdev.de\/kontakt\/\">\n\t\t\t\t\t\t<span class=\"elementor-button-content-wrapper\">\n\t\t\t\t\t\t\t\t\t<span class=\"elementor-button-text\">Mehr erfahren<\/span>\n\t\t\t\t\t<\/span>\n\t\t\t\t\t<\/a>\n\t\t\t\t<\/div>\n\t\t\t\t\t\t\t\t<\/div>\n\t\t\t\t<\/div>\n\t\t\t\t\t<\/div>\n\t\t<\/div>\n\t\t\t\t<div class=\"elementor-column elementor-col-50 elementor-top-column elementor-element elementor-element-f4500ef\" data-id=\"f4500ef\" data-element_type=\"column\" data-settings=\"{&quot;background_background&quot;:&quot;classic&quot;}\">\n\t\t\t<div class=\"elementor-widget-wrap elementor-element-populated\">\n\t\t\t\t\t\t<div class=\"elementor-element elementor-element-d99ab03 elementor-widget elementor-widget-jet-video\" data-id=\"d99ab03\" data-element_type=\"widget\" data-widget_type=\"jet-video.default\">\n\t\t\t\t<div class=\"elementor-widget-container\">\n\t\t\t\t\t<div class=\"elementor-jet-video jet-elements\">\n<div class=\"jet-video jet-video--fa5-compat\" data-settings=\"{&quot;lightbox&quot;:false,&quot;autoplay&quot;:true}\"><video class=\"jet-video-player jet-video-html5-player jet-video-custom-play-button\" src=\"https:\/\/aixbrain.pwdev.de\/wp-content\/uploads\/2023\/07\/Parameteroptimierung-Bumper-1707.mp4\" autoplay=\"\" controls=\"\" playsinline=\"\" muted=\"\" controlsList=\"nodownload\" poster=\"https:\/\/aixbrain.pwdev.de\/wp-content\/uploads\/2023\/07\/Parameteroptimierung-Standbild-1707.jpg\"><\/video>\n<div class=\"jet-video__overlay\">\n<div class=\"jet-video__play-button\" role=\"button\" tabindex=\"0\" aria-label=\"Video play button\"><img decoding=\"async\" src=\"https:\/\/aixbrain.pwdev.de\/wp-content\/uploads\/2023\/05\/img_72289.png\" alt=\"Play Video\" class=\"jet-video__play-button-image\">\t<span class=\"elementor-screen-only\">Play Video<\/span>\n<\/div>\n<\/div>\n<\/div>\n<\/div>\t\t\t\t<\/div>\n\t\t\t\t<\/div>\n\t\t\t\t\t<\/div>\n\t\t<\/div>\n\t\t\t\t\t<\/div>\n\t\t<\/section>\n\t\t\t\t<section class=\"elementor-section elementor-top-section elementor-element elementor-element-b68078b elementor-hidden-desktop elementor-hidden-tablet elementor-hidden-mobile elementor-section-boxed elementor-section-height-default elementor-section-height-default\" data-id=\"b68078b\" data-element_type=\"section\" data-settings=\"{&quot;background_background&quot;:&quot;gradient&quot;,&quot;jet_parallax_layout_list&quot;:[]}\">\n\t\t\t\t\t\t<div class=\"elementor-container elementor-column-gap-default\">\n\t\t\t\t\t<div class=\"elementor-column elementor-col-100 elementor-top-column elementor-element elementor-element-45de5da\" data-id=\"45de5da\" data-element_type=\"column\">\n\t\t\t<div class=\"elementor-widget-wrap elementor-element-populated\">\n\t\t\t\t\t\t<div class=\"elementor-element elementor-element-b4b7c68 elementor-widget__width-auto elementor-widget elementor-widget-heading\" data-id=\"b4b7c68\" data-element_type=\"widget\" data-widget_type=\"heading.default\">\n\t\t\t\t<div class=\"elementor-widget-container\">\n\t\t\t\t\t<h2 class=\"elementor-heading-title elementor-size-default\">Parameteroptimierung<\/h2>\t\t\t\t<\/div>\n\t\t\t\t<\/div>\n\t\t\t\t<div class=\"elementor-element elementor-element-7f907b1 elementor-widget elementor-widget-heading\" data-id=\"7f907b1\" data-element_type=\"widget\" data-widget_type=\"heading.default\">\n\t\t\t\t<div class=\"elementor-widget-container\">\n\t\t\t\t\t<h2 class=\"elementor-heading-title elementor-size-default\">Beispiele aus der Praxis<\/h2>\t\t\t\t<\/div>\n\t\t\t\t<\/div>\n\t\t\t\t<div class=\"elementor-element elementor-element-f1a1527 elementor-widget elementor-widget-jet-listing-grid\" data-id=\"f1a1527\" data-element_type=\"widget\" data-settings=\"{&quot;columns&quot;:3,&quot;columns_tablet&quot;:&quot;2&quot;,&quot;columns_mobile&quot;:&quot;1&quot;}\" data-widget_type=\"jet-listing-grid.default\">\n\t\t\t\t<div class=\"elementor-widget-container\">\n\t\t\t\t\t<div class=\"jet-listing-grid jet-listing\"><div class=\"jet-listing-not-found jet-listing-grid__items\" data-nav=\"{&quot;enabled&quot;:false,&quot;type&quot;:null,&quot;more_el&quot;:null,&quot;query&quot;:[],&quot;widget_settings&quot;:{&quot;lisitng_id&quot;:261,&quot;posts_num&quot;:6,&quot;columns&quot;:3,&quot;columns_tablet&quot;:2,&quot;columns_mobile&quot;:1,&quot;column_min_width&quot;:240,&quot;column_min_width_tablet&quot;:240,&quot;column_min_width_mobile&quot;:240,&quot;inline_columns_css&quot;:false,&quot;is_archive_template&quot;:&quot;&quot;,&quot;post_status&quot;:[&quot;publish&quot;],&quot;use_random_posts_num&quot;:&quot;&quot;,&quot;max_posts_num&quot;:9,&quot;not_found_message&quot;:&quot;No data was found&quot;,&quot;is_masonry&quot;:false,&quot;equal_columns_height&quot;:&quot;&quot;,&quot;use_load_more&quot;:&quot;&quot;,&quot;load_more_id&quot;:&quot;&quot;,&quot;load_more_type&quot;:&quot;click&quot;,&quot;load_more_offset&quot;:{&quot;unit&quot;:&quot;px&quot;,&quot;size&quot;:0,&quot;sizes&quot;:[]},&quot;use_custom_post_types&quot;:&quot;&quot;,&quot;custom_post_types&quot;:[],&quot;hide_widget_if&quot;:&quot;&quot;,&quot;carousel_enabled&quot;:&quot;yes&quot;,&quot;slides_to_scroll&quot;:&quot;1&quot;,&quot;arrows&quot;:&quot;true&quot;,&quot;arrow_icon&quot;:&quot;fa fa-angle-left&quot;,&quot;dots&quot;:&quot;&quot;,&quot;autoplay&quot;:&quot;true&quot;,&quot;pause_on_hover&quot;:&quot;true&quot;,&quot;autoplay_speed&quot;:5000,&quot;infinite&quot;:&quot;true&quot;,&quot;center_mode&quot;:&quot;&quot;,&quot;effect&quot;:&quot;slide&quot;,&quot;speed&quot;:500,&quot;inject_alternative_items&quot;:&quot;&quot;,&quot;injection_items&quot;:[],&quot;scroll_slider_enabled&quot;:&quot;&quot;,&quot;scroll_slider_on&quot;:[&quot;desktop&quot;,&quot;tablet&quot;,&quot;mobile&quot;],&quot;custom_query&quot;:false,&quot;custom_query_id&quot;:&quot;&quot;,&quot;_element_id&quot;:&quot;&quot;,&quot;collapse_first_last_gap&quot;:false,&quot;list_items_wrapper_tag&quot;:&quot;div&quot;,&quot;list_item_tag&quot;:&quot;div&quot;,&quot;empty_items_wrapper_tag&quot;:&quot;div&quot;}}\" data-listing-source=\"posts\" data-listing-id=\"261\" data-query-id=\"\" data-queried-id=\"9479|WP_Post\">No data was found<\/div><\/div>\t\t\t\t<\/div>\n\t\t\t\t<\/div>\n\t\t\t\t\t<\/div>\n\t\t<\/div>\n\t\t\t\t\t<\/div>\n\t\t<\/section>\n\t\t\t\t<\/div>\n\t\t","protected":false},"excerpt":{"rendered":"<p>KI in der industriellen Praxis Parameteroptimierung Anwendungsfall: KI-Assistenzsystem zur optimierten Prozessauslegung und Prozessf\u00fchrung Einsatzumgebung: Unterst\u00fctzung von Ingenieuren und Bedienern bei der Parameterwahl zur Prozessauslegung und Prozessf\u00fchrung auf Maschinen und Anlagen. Herausforderung: Bei komplexen Prozessen k\u00f6nnen statische Parameterkarten keine optimale Einstellung vorgeben, da zu viele Abh\u00e4ngigkeiten bestehen. Das Feintuning erfordert menschliches Erfahrungswissen. KI-Aufgabe:&nbsp;Ein KI-Assistenzsystem vergleicht den [&hellip;]<\/p>\n","protected":false},"author":2,"featured_media":0,"parent":0,"menu_order":4,"comment_status":"closed","ping_status":"closed","template":"elementor_header_footer","meta":{"content-type":"","footnotes":""},"class_list":["post-9479","page","type-page","status-publish","hentry"],"yoast_head":"<!-- This site is optimized with the Yoast SEO plugin v25.0 - https:\/\/yoast.com\/wordpress\/plugins\/seo\/ -->\n<title>Parameteroptimierung - aiXbrain<\/title>\n<meta name=\"robots\" content=\"noindex, follow, max-snippet:-1, max-image-preview:large, max-video-preview:-1\" \/>\n<meta property=\"og:locale\" content=\"en_US\" \/>\n<meta property=\"og:type\" content=\"article\" \/>\n<meta property=\"og:title\" content=\"Parameteroptimierung - aiXbrain\" \/>\n<meta property=\"og:description\" content=\"KI in der industriellen Praxis Parameteroptimierung Anwendungsfall: KI-Assistenzsystem zur optimierten Prozessauslegung und Prozessf\u00fchrung Einsatzumgebung: Unterst\u00fctzung von Ingenieuren und Bedienern bei der Parameterwahl zur Prozessauslegung und Prozessf\u00fchrung auf Maschinen und Anlagen. Herausforderung: Bei komplexen Prozessen k\u00f6nnen statische Parameterkarten keine optimale Einstellung vorgeben, da zu viele Abh\u00e4ngigkeiten bestehen. Das Feintuning erfordert menschliches Erfahrungswissen. KI-Aufgabe:&nbsp;Ein KI-Assistenzsystem vergleicht den [&hellip;]\" \/>\n<meta property=\"og:url\" content=\"https:\/\/aixbrain.pwdev.de\/en\/parameteroptimierung\/\" \/>\n<meta property=\"og:site_name\" content=\"aiXbrain\" \/>\n<meta property=\"article:modified_time\" content=\"2025-04-15T06:48:31+00:00\" \/>\n<meta property=\"og:image\" content=\"https:\/\/aixbrain.pwdev.de\/wp-content\/uploads\/2023\/05\/img_72289.png\" \/>\n<meta name=\"twitter:card\" content=\"summary_large_image\" \/>\n<meta name=\"twitter:label1\" content=\"Est. reading time\" \/>\n\t<meta name=\"twitter:data1\" content=\"1 minute\" \/>\n<script type=\"application\/ld+json\" class=\"yoast-schema-graph\">{\"@context\":\"https:\/\/schema.org\",\"@graph\":[{\"@type\":\"WebPage\",\"@id\":\"https:\/\/aixbrain.pwdev.de\/en\/parameteroptimierung\/\",\"url\":\"https:\/\/aixbrain.pwdev.de\/en\/parameteroptimierung\/\",\"name\":\"Parameteroptimierung - aiXbrain\",\"isPartOf\":{\"@id\":\"https:\/\/aixbrain.pwdev.de\/en\/#website\"},\"primaryImageOfPage\":{\"@id\":\"https:\/\/aixbrain.pwdev.de\/en\/parameteroptimierung\/#primaryimage\"},\"image\":{\"@id\":\"https:\/\/aixbrain.pwdev.de\/en\/parameteroptimierung\/#primaryimage\"},\"thumbnailUrl\":\"https:\/\/aixbrain.pwdev.de\/wp-content\/uploads\/2023\/05\/img_72289.png\",\"datePublished\":\"2023-05-30T06:03:48+00:00\",\"dateModified\":\"2025-04-15T06:48:31+00:00\",\"breadcrumb\":{\"@id\":\"https:\/\/aixbrain.pwdev.de\/en\/parameteroptimierung\/#breadcrumb\"},\"inLanguage\":\"en-US\",\"potentialAction\":[{\"@type\":\"ReadAction\",\"target\":[\"https:\/\/aixbrain.pwdev.de\/en\/parameteroptimierung\/\"]}]},{\"@type\":\"ImageObject\",\"inLanguage\":\"en-US\",\"@id\":\"https:\/\/aixbrain.pwdev.de\/en\/parameteroptimierung\/#primaryimage\",\"url\":\"https:\/\/aixbrain.pwdev.de\/wp-content\/uploads\/2023\/05\/img_72289.png\",\"contentUrl\":\"https:\/\/aixbrain.pwdev.de\/wp-content\/uploads\/2023\/05\/img_72289.png\"},{\"@type\":\"BreadcrumbList\",\"@id\":\"https:\/\/aixbrain.pwdev.de\/en\/parameteroptimierung\/#breadcrumb\",\"itemListElement\":[{\"@type\":\"ListItem\",\"position\":1,\"name\":\"Home\",\"item\":\"https:\/\/aixbrain.pwdev.de\/en\/\"},{\"@type\":\"ListItem\",\"position\":2,\"name\":\"Parameteroptimierung\"}]},{\"@type\":\"WebSite\",\"@id\":\"https:\/\/aixbrain.pwdev.de\/en\/#website\",\"url\":\"https:\/\/aixbrain.pwdev.de\/en\/\",\"name\":\"aiXbrain\",\"description\":\"KI-Software f\u00fcr die Industrie\",\"publisher\":{\"@id\":\"https:\/\/aixbrain.pwdev.de\/en\/#organization\"},\"potentialAction\":[{\"@type\":\"SearchAction\",\"target\":{\"@type\":\"EntryPoint\",\"urlTemplate\":\"https:\/\/aixbrain.pwdev.de\/en\/?s={search_term_string}\"},\"query-input\":{\"@type\":\"PropertyValueSpecification\",\"valueRequired\":true,\"valueName\":\"search_term_string\"}}],\"inLanguage\":\"en-US\"},{\"@type\":\"Organization\",\"@id\":\"https:\/\/aixbrain.pwdev.de\/en\/#organization\",\"name\":\"aiXbrain\",\"url\":\"https:\/\/aixbrain.pwdev.de\/en\/\",\"logo\":{\"@type\":\"ImageObject\",\"inLanguage\":\"en-US\",\"@id\":\"https:\/\/aixbrain.pwdev.de\/en\/#\/schema\/logo\/image\/\",\"url\":\"https:\/\/aixbrain.pwdev.de\/wp-content\/uploads\/2023\/04\/RZ_aiXbrain_Logo_2019_RGB.svg\",\"contentUrl\":\"https:\/\/aixbrain.pwdev.de\/wp-content\/uploads\/2023\/04\/RZ_aiXbrain_Logo_2019_RGB.svg\",\"width\":595,\"height\":118,\"caption\":\"aiXbrain\"},\"image\":{\"@id\":\"https:\/\/aixbrain.pwdev.de\/en\/#\/schema\/logo\/image\/\"}}]}<\/script>\n<!-- \/ Yoast SEO plugin. -->","yoast_head_json":{"title":"Parameteroptimierung - aiXbrain","robots":{"index":"noindex","follow":"follow","max-snippet":"max-snippet:-1","max-image-preview":"max-image-preview:large","max-video-preview":"max-video-preview:-1"},"og_locale":"en_US","og_type":"article","og_title":"Parameteroptimierung - aiXbrain","og_description":"KI in der industriellen Praxis Parameteroptimierung Anwendungsfall: KI-Assistenzsystem zur optimierten Prozessauslegung und Prozessf\u00fchrung Einsatzumgebung: Unterst\u00fctzung von Ingenieuren und Bedienern bei der Parameterwahl zur Prozessauslegung und Prozessf\u00fchrung auf Maschinen und Anlagen. Herausforderung: Bei komplexen Prozessen k\u00f6nnen statische Parameterkarten keine optimale Einstellung vorgeben, da zu viele Abh\u00e4ngigkeiten bestehen. Das Feintuning erfordert menschliches Erfahrungswissen. KI-Aufgabe:&nbsp;Ein KI-Assistenzsystem vergleicht den [&hellip;]","og_url":"https:\/\/aixbrain.pwdev.de\/en\/parameteroptimierung\/","og_site_name":"aiXbrain","article_modified_time":"2025-04-15T06:48:31+00:00","og_image":[{"url":"https:\/\/aixbrain.pwdev.de\/wp-content\/uploads\/2023\/05\/img_72289.png","type":"","width":"","height":""}],"twitter_card":"summary_large_image","twitter_misc":{"Est. reading time":"1 minute"},"schema":{"@context":"https:\/\/schema.org","@graph":[{"@type":"WebPage","@id":"https:\/\/aixbrain.pwdev.de\/en\/parameteroptimierung\/","url":"https:\/\/aixbrain.pwdev.de\/en\/parameteroptimierung\/","name":"Parameteroptimierung - aiXbrain","isPartOf":{"@id":"https:\/\/aixbrain.pwdev.de\/en\/#website"},"primaryImageOfPage":{"@id":"https:\/\/aixbrain.pwdev.de\/en\/parameteroptimierung\/#primaryimage"},"image":{"@id":"https:\/\/aixbrain.pwdev.de\/en\/parameteroptimierung\/#primaryimage"},"thumbnailUrl":"https:\/\/aixbrain.pwdev.de\/wp-content\/uploads\/2023\/05\/img_72289.png","datePublished":"2023-05-30T06:03:48+00:00","dateModified":"2025-04-15T06:48:31+00:00","breadcrumb":{"@id":"https:\/\/aixbrain.pwdev.de\/en\/parameteroptimierung\/#breadcrumb"},"inLanguage":"en-US","potentialAction":[{"@type":"ReadAction","target":["https:\/\/aixbrain.pwdev.de\/en\/parameteroptimierung\/"]}]},{"@type":"ImageObject","inLanguage":"en-US","@id":"https:\/\/aixbrain.pwdev.de\/en\/parameteroptimierung\/#primaryimage","url":"https:\/\/aixbrain.pwdev.de\/wp-content\/uploads\/2023\/05\/img_72289.png","contentUrl":"https:\/\/aixbrain.pwdev.de\/wp-content\/uploads\/2023\/05\/img_72289.png"},{"@type":"BreadcrumbList","@id":"https:\/\/aixbrain.pwdev.de\/en\/parameteroptimierung\/#breadcrumb","itemListElement":[{"@type":"ListItem","position":1,"name":"Home","item":"https:\/\/aixbrain.pwdev.de\/en\/"},{"@type":"ListItem","position":2,"name":"Parameteroptimierung"}]},{"@type":"WebSite","@id":"https:\/\/aixbrain.pwdev.de\/en\/#website","url":"https:\/\/aixbrain.pwdev.de\/en\/","name":"aiXbrain","description":"KI-Software f\u00fcr die Industrie","publisher":{"@id":"https:\/\/aixbrain.pwdev.de\/en\/#organization"},"potentialAction":[{"@type":"SearchAction","target":{"@type":"EntryPoint","urlTemplate":"https:\/\/aixbrain.pwdev.de\/en\/?s={search_term_string}"},"query-input":{"@type":"PropertyValueSpecification","valueRequired":true,"valueName":"search_term_string"}}],"inLanguage":"en-US"},{"@type":"Organization","@id":"https:\/\/aixbrain.pwdev.de\/en\/#organization","name":"aiXbrain","url":"https:\/\/aixbrain.pwdev.de\/en\/","logo":{"@type":"ImageObject","inLanguage":"en-US","@id":"https:\/\/aixbrain.pwdev.de\/en\/#\/schema\/logo\/image\/","url":"https:\/\/aixbrain.pwdev.de\/wp-content\/uploads\/2023\/04\/RZ_aiXbrain_Logo_2019_RGB.svg","contentUrl":"https:\/\/aixbrain.pwdev.de\/wp-content\/uploads\/2023\/04\/RZ_aiXbrain_Logo_2019_RGB.svg","width":595,"height":118,"caption":"aiXbrain"},"image":{"@id":"https:\/\/aixbrain.pwdev.de\/en\/#\/schema\/logo\/image\/"}}]}},"_links":{"self":[{"href":"https:\/\/aixbrain.pwdev.de\/en\/wp-json\/wp\/v2\/pages\/9479","targetHints":{"allow":["GET"]}}],"collection":[{"href":"https:\/\/aixbrain.pwdev.de\/en\/wp-json\/wp\/v2\/pages"}],"about":[{"href":"https:\/\/aixbrain.pwdev.de\/en\/wp-json\/wp\/v2\/types\/page"}],"author":[{"embeddable":true,"href":"https:\/\/aixbrain.pwdev.de\/en\/wp-json\/wp\/v2\/users\/2"}],"replies":[{"embeddable":true,"href":"https:\/\/aixbrain.pwdev.de\/en\/wp-json\/wp\/v2\/comments?post=9479"}],"version-history":[{"count":1,"href":"https:\/\/aixbrain.pwdev.de\/en\/wp-json\/wp\/v2\/pages\/9479\/revisions"}],"predecessor-version":[{"id":9480,"href":"https:\/\/aixbrain.pwdev.de\/en\/wp-json\/wp\/v2\/pages\/9479\/revisions\/9480"}],"wp:attachment":[{"href":"https:\/\/aixbrain.pwdev.de\/en\/wp-json\/wp\/v2\/media?parent=9479"}],"curies":[{"name":"wp","href":"https:\/\/api.w.org\/{rel}","templated":true}]}}